{"id":51,"date":"2020-05-01T19:28:01","date_gmt":"2020-05-01T17:28:01","guid":{"rendered":"http:\/\/jeanetsimone.fr\/index.php\/register\/"},"modified":"2021-05-01T14:37:30","modified_gmt":"2021-05-01T12:37:30","slug":"register","status":"publish","type":"page","link":"https:\/\/jeanetsimone.fr\/index.php\/register\/","title":{"rendered":"Inscription"},"content":{"rendered":"\n<div class=\"um um-register um-72\">\n\n\t<div class=\"um-form\" data-mode=\"register\">\n\n\t\t<form method=\"post\" action=\"\">\n\n\t\t\t<div class=\"um-row _um_row_1 \" style=\"margin: 0 0 30px 0;\"><div class=\"um-col-1\"><div  id=\"um_field_72_first_name\" class=\"um-field um-field-text  um-field-first_name um-field-text um-field-type_text\" data-key=\"first_name\"><div class=\"um-field-label\"><label for=\"first_name-72\">Pr\u00e9nom*<\/label><div class=\"um-clear\"><\/div><\/div><div class=\"um-field-area\"><input  autocomplete=\"off\" class=\"um-form-field valid \" type=\"text\" name=\"first_name-72\" id=\"first_name-72\" value=\"\" placeholder=\"\" data-validate=\"\" data-key=\"first_name\" \/>\n\n\t\t\t\t\t\t<\/div><\/div><div  id=\"um_field_72_last_name\" class=\"um-field um-field-text  um-field-last_name um-field-text um-field-type_text\" data-key=\"last_name\"><div class=\"um-field-label\"><label for=\"last_name-72\">Nom*<\/label><div class=\"um-clear\"><\/div><\/div><div class=\"um-field-area\"><input  autocomplete=\"off\" class=\"um-form-field valid \" type=\"text\" name=\"last_name-72\" id=\"last_name-72\" value=\"\" placeholder=\"\" data-validate=\"\" data-key=\"last_name\" \/>\n\n\t\t\t\t\t\t<\/div><\/div><div  id=\"um_field_72_user_email\" class=\"um-field um-field-text  um-field-user_email um-field-text um-field-type_text\" data-key=\"user_email\"><div class=\"um-field-label\"><label for=\"user_email-72\">Adresse e-mail*<\/label><div class=\"um-clear\"><\/div><\/div><div class=\"um-field-area\"><input  autocomplete=\"off\" class=\"um-form-field valid \" type=\"text\" name=\"user_email-72\" id=\"user_email-72\" value=\"\" placeholder=\"\" data-validate=\"unique_email\" data-key=\"user_email\" \/>\n\n\t\t\t\t\t\t<\/div><\/div><div  id=\"um_field_72_user_login\" class=\"um-field um-field-text  um-field-user_login um-field-text um-field-type_text\" data-key=\"user_login\"><div class=\"um-field-label\"><label for=\"user_login-72\">Identifiant*<\/label><div class=\"um-clear\"><\/div><\/div><div class=\"um-field-area\"><input  autocomplete=\"off\" class=\"um-form-field valid \" type=\"text\" name=\"user_login-72\" id=\"user_login-72\" value=\"\" placeholder=\"\" data-validate=\"unique_username\" data-key=\"user_login\" \/>\n\n\t\t\t\t\t\t<\/div><\/div><div  id=\"um_field_72_user_password\" class=\"um-field um-field-password  um-field-user_password um-field-password um-field-type_password\" data-key=\"user_password\"><div class=\"um-field-label\"><label for=\"user_password-72\">Mot de passe*<\/label><span class=\"um-tip um-tip-w\" title=\"Le mot de passe doit comporter un minimum de 8 caract\u00e8res comprenant au moins une majuscule, une minuscule et un chiffre.\"><i class=\"um-icon-help-circled\"><\/i><\/span><div class=\"um-clear\"><\/div><\/div><div class=\"um-field-area\"><input class=\"um-form-field valid \" type=\"password\" name=\"user_password-72\" id=\"user_password-72\" value=\"\" placeholder=\"\" data-validate=\"\" data-key=\"user_password\" \/>\n\n\t\t\t\t\t\t<\/div><\/div><div  id=\"um_field_72_confirm_user_password\" class=\"um-field um-field-password  um-field-user_password um-field-password um-field-type_password\" data-key=\"confirm_user_password\"><div class=\"um-field-label\"><label for=\"confirm_user_password-72\">Confirmer le Mot de passe*<\/label><div class=\"um-clear\"><\/div><\/div><div class=\"um-field-area\"><input class=\"um-form-field valid \" type=\"password\" name=\"confirm_user_password-72\" id=\"confirm_user_password-72\" value=\"\" placeholder=\"Confirmer le Mot de passe*\" data-validate=\"\" data-key=\"confirm_user_password\" \/><\/div><\/div><div  id=\"um_field_72_birth_date\" class=\"um-field um-field-date  um-field-birth_date um-field-date um-field-type_date\" data-key=\"birth_date\"><div class=\"um-field-label\"><div class=\"um-field-label-icon\"><i class=\"um-faicon-calendar\" aria-label=\"Date de naissance\"><\/i><\/div><label for=\"birth_date-72\">Date de naissance<\/label><div class=\"um-clear\"><\/div><\/div><div class=\"um-field-area\"><input   class=\"um-form-field valid um-datepicker \" type=\"text\" name=\"birth_date-72\" id=\"birth_date-72\" value=\"\" placeholder=\"\" data-validate=\"\" data-key=\"birth_date\" data-range=\"years\" data-years=\"115\" data-years_x=\"past\" data-disabled_weekdays=\"\" data-date_min=\"1911,5,02\" data-date_max=\"2026,5,02\" data-format=\"d mmm yyyy\" data-value=\"\" \/>\n\n\t\t\t\t\t\t<\/div><\/div><div  id=\"um_field_72_phone_number\" class=\"um-field um-field-text  um-field-phone_number um-field-text um-field-type_text\" data-key=\"phone_number\"><div class=\"um-field-label\"><div class=\"um-field-label-icon\"><i class=\"um-faicon-phone\" aria-label=\"Num\u00e9ro de t\u00e9l\u00e9phone\"><\/i><\/div><label for=\"phone_number-72\">Num\u00e9ro de t\u00e9l\u00e9phone<\/label><div class=\"um-clear\"><\/div><\/div><div class=\"um-field-area\"><input  autocomplete=\"off\" class=\"um-form-field valid not-required \" type=\"text\" name=\"phone_number-72\" id=\"phone_number-72\" value=\"\" placeholder=\"\" data-validate=\"phone_number\" data-key=\"phone_number\" \/>\n\n\t\t\t\t\t\t<\/div><\/div><div  id=\"um_field_72_adresse_postale\" class=\"um-field um-field-text  um-field-adresse_postale um-field-text um-field-type_text\" data-key=\"adresse_postale\"><div class=\"um-field-label\"><label for=\"adresse_postale-72\">Adresse postale<\/label><div class=\"um-clear\"><\/div><\/div><div class=\"um-field-area\"><input  autocomplete=\"off\" class=\"um-form-field valid not-required \" type=\"text\" name=\"adresse_postale-72\" id=\"adresse_postale-72\" value=\"\" placeholder=\"veuillez saisir votre adresse\" data-validate=\"\" data-key=\"adresse_postale\" \/>\n\n\t\t\t\t\t\t<\/div><\/div><div  id=\"um_field_72_codepostal\" class=\"um-field um-field-number  um-field-codepostal um-field-number um-field-type_number\" data-key=\"codepostal\"><div class=\"um-field-label\"><label for=\"codepostal-72\">Code postal<\/label><div class=\"um-clear\"><\/div><\/div><div class=\"um-field-area\"><input  class=\"um-form-field valid not-required \" type=\"number\" name=\"codepostal-72\" id=\"codepostal-72\" value=\"\" placeholder=\"\" data-validate=\"\" data-key=\"codepostal\"  \/>\n\n\t\t\t\t\t\t<\/div><\/div><div  id=\"um_field_72_ville\" class=\"um-field um-field-text  um-field-ville um-field-text um-field-type_text\" data-key=\"ville\"><div class=\"um-field-label\"><label for=\"ville-72\">Ville<\/label><div class=\"um-clear\"><\/div><\/div><div class=\"um-field-area\"><input  autocomplete=\"off\" class=\"um-form-field valid not-required \" type=\"text\" name=\"ville-72\" id=\"ville-72\" value=\"\" placeholder=\"Veuillez saisir votre ville\" data-validate=\"\" data-key=\"ville\" \/>\n\n\t\t\t\t\t\t<\/div><\/div><\/div><\/div>\n<!-- This file should primarily consist of HTML with a little bit of PHP. -->\n<div class=\"um-field um-field-type_terms_conditions\" data-key=\"use_terms_conditions_agreement\" style=\"display:block;padding:0;\">\n\t<div class=\"um-field-area\">\n\t\t<div class=\"um-gdpr-content\" style=\"display:none;\">\n\t\t\t\t\t<\/div>\n\n\t\t\n\t\t<a href=\"javascript:void(0);\" class=\"um-toggle-gdpr\" data-toggle-state=\"hidden\"\n\t\t   data-toggle-show=\"Afficher la politique de confidentialit\u00e9\"\n\t\t   data-toggle-hide=\"Masquer la politique de confidentialit\u00e9\">\n\t\t\tAfficher la politique de confidentialit\u00e9\t\t<\/a>\n\t<\/div>\n\t<div class=\"um-field-area\">\n\n\t\t\n\t\t<label class=\"um-field-checkbox\">\n\t\t\t<input type=\"checkbox\" name=\"use_gdpr_agreement\" value=\"1\">\n\t\t\t<span class=\"um-field-checkbox-state\"><i class=\"um-icon-android-checkbox-outline-blank\"><\/i><\/span>\n\t\t\t<span class=\"um-field-checkbox-option\">Veuillez confirmer que vous acceptez notre politique de confidentialit\u00e9<\/span>\n\t\t<\/label>\n\t\t<div class=\"um-clear\"><\/div>\n\n\t\t\n\t\t<div class=\"um-clear\"><\/div>\n\t<\/div>\n<\/div>\n\t\t<input type=\"hidden\" name=\"form_id\" id=\"form_id_72\" value=\"72\" \/>\n\t\n\t<p class=\"um_request_name\">\n\t\t<label for=\"um_request_72\">Only fill in if you are not human<\/label>\n\t\t<input type=\"hidden\" name=\"um_request\" id=\"um_request_72\" class=\"input\" value=\"\" size=\"25\" autocomplete=\"off\" \/>\n\t<\/p>\n\n\t<input type=\"hidden\" id=\"_wpnonce\" name=\"_wpnonce\" value=\"807f89be6a\" \/><input type=\"hidden\" name=\"_wp_http_referer\" value=\"\/index.php\/wp-json\/wp\/v2\/pages\/51\" \/>\n\t<div class=\"um-col-alt\">\n\n\t\t\n\t\t\t<div class=\"um-center\">\n\t\t\t\t<input type=\"submit\" value=\"Inscription\" class=\"um-button\" id=\"um-submit-btn\" \/>\n\t\t\t<\/div>\n\n\t\t\n\t\t<div class=\"um-clear\"><\/div>\n\n\t<\/div>\n\n\t\n\t\t<\/form>\n\n\t<\/div>\n\n<\/div>\n<style>\n\t\t\t.um-72.um {\n\t\t\tmax-width: 450px;\n\t\t}\n\t\t<\/style>\n\n","protected":false},"excerpt":{"rendered":"","protected":false},"author":1,"featured_media":0,"parent":0,"menu_order":0,"comment_status":"closed","ping_status":"closed","template":"","meta":{"site-sidebar-layout":"default","site-content-layout":"default","ast-main-header-display":"","ast-hfb-above-header-display":"","ast-hfb-below-header-display":"","ast-hfb-mobile-header-display":"","site-post-title":"","ast-breadcrumbs-content":"","ast-featured-img":"","footer-sml-layout":"","theme-transparent-header-meta":"default","adv-header-id-meta":"","stick-header-meta":"","header-above-stick-meta":"","header-main-stick-meta":"","header-below-stick-meta":""},"_links":{"self":[{"href":"https:\/\/jeanetsimone.fr\/index.php\/wp-json\/wp\/v2\/pages\/51"}],"collection":[{"href":"https:\/\/jeanetsimone.fr\/index.php\/wp-json\/wp\/v2\/pages"}],"about":[{"href":"https:\/\/jeanetsimone.fr\/index.php\/wp-json\/wp\/v2\/types\/page"}],"author":[{"embeddable":true,"href":"https:\/\/jeanetsimone.fr\/index.php\/wp-json\/wp\/v2\/users\/1"}],"replies":[{"embeddable":true,"href":"https:\/\/jeanetsimone.fr\/index.php\/wp-json\/wp\/v2\/comments?post=51"}],"version-history":[{"count":1,"href":"https:\/\/jeanetsimone.fr\/index.php\/wp-json\/wp\/v2\/pages\/51\/revisions"}],"predecessor-version":[{"id":73,"href":"https:\/\/jeanetsimone.fr\/index.php\/wp-json\/wp\/v2\/pages\/51\/revisions\/73"}],"wp:attachment":[{"href":"https:\/\/jeanetsimone.fr\/index.php\/wp-json\/wp\/v2\/media?parent=51"}],"curies":[{"name":"wp","href":"https:\/\/api.w.org\/{rel}","templated":true}]}}